{"id":143,"date":"2018-06-19T10:44:17","date_gmt":"2018-06-19T08:44:17","guid":{"rendered":"http:\/\/phcoa-florida.com\/about-us\/"},"modified":"2024-04-02T19:58:12","modified_gmt":"2024-04-02T17:58:12","slug":"about-us","status":"publish","type":"page","link":"http:\/\/phcoa-florida.com\/es\/about-us\/","title":{"rendered":"About Us"},"content":{"rendered":"<div data-elementor-type=\"wp-page\" data-elementor-id=\"143\" class=\"elementor elementor-143\" data-elementor-post-type=\"page\">\n\t\t\t\t\t\t<section class=\"elementor-section elementor-top-section elementor-element elementor-element-7c89838d elementor-section-stretched elementor-section-height-min-height elementor-section-boxed elementor-section-height-default elementor-section-items-middle\" data-id=\"7c89838d\" data-element_type=\"section\" data-settings=\"{&quot;stretch_section&quot;:&quot;section-stretched&quot;,&quot;background_background&quot;:&quot;classic&quot;}\">\n\t\t\t\t\t\t\t<div class=\"elementor-background-overlay\"><\/div>\n\t\t\t\t\t\t\t<div class=\"elementor-container elementor-column-gap-default\">\n\t\t\t\t\t<div class=\"aux-parallax-section elementor-column elementor-col-100 elementor-top-column elementor-element elementor-element-51ad86fa aux-appear-watch-animation aux-fade-in-right\" data-id=\"51ad86fa\" data-element_type=\"column\">\n\t\t\t<div class=\"elementor-widget-wrap elementor-element-populated\">\n\t\t\t\t\t\t<div class=\"elementor-element elementor-element-65ae90d0 elementor-widget elementor-widget-aux_modern_heading\" data-id=\"65ae90d0\" data-element_type=\"widget\" data-widget_type=\"aux_modern_heading.default\">\n\t\t\t\t<div class=\"elementor-widget-container\">\n\t\t\t<section class=\"aux-widget-modern-heading\">\n            <div class=\"aux-widget-inner\"><h2 class=\"aux-modern-heading-primary\">Nosotros<\/h2><\/div>\n        <\/section>\t\t<\/div>\n\t\t\t\t<\/div>\n\t\t\t\t<div class=\"elementor-element elementor-element-8b41f70 elementor-widget elementor-widget-aux_breadcrumbs\" data-id=\"8b41f70\" data-element_type=\"widget\" data-widget_type=\"aux_breadcrumbs.default\">\n\t\t\t\t<div class=\"elementor-widget-container\">\n\t\t\t<div class=\"aux-elementor-breadcrumbs\"><p class=\"aux-breadcrumbs\"><span><span><a href=\"http:\/\/phcoa-florida.com\/\">Portada<\/a><\/span><\/span><\/p><\/div>\t\t<\/div>\n\t\t\t\t<\/div>\n\t\t\t\t\t<\/div>\n\t\t<\/div>\n\t\t\t\t\t<\/div>\n\t\t<\/section>\n\t\t\t\t<section class=\"elementor-section elementor-top-section elementor-element elementor-element-ca2a472 elementor-section-content-middle elementor-section-boxed elementor-section-height-default elementor-section-height-default\" data-id=\"ca2a472\" data-element_type=\"section\">\n\t\t\t\t\t\t<div class=\"elementor-container elementor-column-gap-default\">\n\t\t\t\t\t<div class=\"aux-parallax-section elementor-column elementor-col-50 elementor-top-column elementor-element elementor-element-2ce959dd\" data-id=\"2ce959dd\" data-element_type=\"column\">\n\t\t\t<div class=\"elementor-widget-wrap elementor-element-populated\">\n\t\t\t\t\t\t<div class=\"elementor-element elementor-element-49d9de1 aux-appear-watch-animation aux-fade-in-up elementor-widget elementor-widget-aux_modern_heading\" data-id=\"49d9de1\" data-element_type=\"widget\" data-widget_type=\"aux_modern_heading.default\">\n\t\t\t\t<div class=\"elementor-widget-container\">\n\t\t\t<section class=\"aux-widget-modern-heading\">\n            <div class=\"aux-widget-inner\"><h2 class=\"aux-modern-heading-primary\">Sobre nosotros<\/h2><h3 class=\"aux-modern-heading-secondary\"><span class=\"aux-head-before\">Ofrecemos soluciones empresariales para impulsar los negocios de nuestros clientes<\/span><\/h3><div class=\"aux-modern-heading-divider\"><\/div><div class=\"aux-modern-heading-description\"><p>\"Somos una empresa dedicada a brindar servicios financieros personalizados para ayudar a nuestros clientes a lograr la estabilidad financiera y sus objetivos de inversi\u00f3n. Nos destacamos por nuestra integridad, excelencia en el servicio al cliente y resultados sobresalientes. Nuestro enfoque est\u00e1 en la educaci\u00f3n financiera y el crecimiento patrimonial de nuestros clientes, ofreci\u00e9ndoles un asesoramiento transparente y eficaz para guiarles en su camino hacia el \u00e9xito financiero.\"<\/p><\/div><\/div>\n        <\/section>\t\t<\/div>\n\t\t\t\t<\/div>\n\t\t\t\t\t<\/div>\n\t\t<\/div>\n\t\t\t\t<div class=\"aux-parallax-section elementor-column elementor-col-50 elementor-top-column elementor-element elementor-element-1d8d0f19 aux-appear-watch-animation aux-scale-down\" data-id=\"1d8d0f19\" data-element_type=\"column\">\n\t\t\t<div class=\"elementor-widget-wrap elementor-element-populated\">\n\t\t\t\t\t\t<div class=\"elementor-element elementor-element-2d5cedba elementor-widget elementor-widget-aux_image\" data-id=\"2d5cedba\" data-element_type=\"widget\" data-widget_type=\"aux_image.default\">\n\t\t\t\t<div class=\"elementor-widget-container\">\n\t\t\t<section class=\"widget-container aux-widget-image aux-alignnone aux-parent-au374450ce\">\n    <div class=\"aux-media-hint-frame\">\n        <div class=\"aux-media-image\" >\n        \n            \n\n            \n            <img fetchpriority=\"high\" decoding=\"async\" width=\"784\" height=\"700\" src=\"data:image\/gif;base64,R0lGODlhAQABAIAAAAAAAP\/\/\/yH5BAEAAAAALAAAAAABAAEAAAIBRAA7\" class=\"aux-attachment aux-featured-image aux-attachment-id-300 aux-preload aux-blank\" alt=\"13391\" data-ratio=\"1.12\" data-original-w=\"1500\" sizes=\"auto\" data-srcset=\"http:\/\/phcoa-florida.com\/wp-content\/uploads\/2024\/04\/13391-150x134.jpg 150w,http:\/\/phcoa-florida.com\/wp-content\/uploads\/2024\/04\/13391-300x268.jpg 300w,http:\/\/phcoa-florida.com\/wp-content\/uploads\/2024\/04\/13391-768x686.jpg 768w,http:\/\/phcoa-florida.com\/wp-content\/uploads\/2024\/04\/13391-1024x914.jpg 1024w,http:\/\/phcoa-florida.com\/wp-content\/uploads\/2024\/04\/13391-784x700.jpg 784w\" data-src=\"http:\/\/phcoa-florida.com\/wp-content\/uploads\/2024\/04\/13391-784x700.jpg\" \/>            \n                <\/div>\n    <\/div>\n\n<\/section><!-- widget-container -->\t\t<\/div>\n\t\t\t\t<\/div>\n\t\t\t\t\t<\/div>\n\t\t<\/div>\n\t\t\t\t\t<\/div>\n\t\t<\/section>\n\t\t\t\t<section class=\"elementor-section elementor-top-section elementor-element elementor-element-73e2d548 elementor-section-stretched elementor-section-boxed elementor-section-height-default elementor-section-height-default\" data-id=\"73e2d548\" data-element_type=\"section\" data-settings=\"{&quot;background_background&quot;:&quot;classic&quot;,&quot;stretch_section&quot;:&quot;section-stretched&quot;}\">\n\t\t\t\t\t\t\t<div class=\"elementor-background-overlay\"><\/div>\n\t\t\t\t\t\t\t<div class=\"elementor-container elementor-column-gap-default\">\n\t\t\t\t\t<div class=\"aux-parallax-section elementor-column elementor-col-50 elementor-top-column elementor-element elementor-element-63189864\" data-id=\"63189864\" data-element_type=\"column\">\n\t\t\t<div class=\"elementor-widget-wrap elementor-element-populated\">\n\t\t\t\t\t\t<div class=\"elementor-element elementor-element-49eefbef aux-appear-watch-animation aux-scale-down elementor-widget elementor-widget-aux_modern_heading\" data-id=\"49eefbef\" data-element_type=\"widget\" data-widget_type=\"aux_modern_heading.default\">\n\t\t\t\t<div class=\"elementor-widget-container\">\n\t\t\t<section class=\"aux-widget-modern-heading\">\n            <div class=\"aux-widget-inner\"><h2 class=\"aux-modern-heading-primary\">Misi\u00f3n<\/h2><div class=\"aux-modern-heading-description\"><p>Proporcionar a nuestros clientes las herramientas, conocimientos y servicios necesarios para lograr la estabilidad financiera y alcanzar sus objetivos de inversi\u00f3n a largo plazo. Estamos comprometidos a ofrecer un asesoramiento personalizado y transparente, centr\u00e1ndonos en la educaci\u00f3n financiera y el crecimiento patrimonial de nuestros clientes.<\/p><\/div><\/div>\n        <\/section>\t\t<\/div>\n\t\t\t\t<\/div>\n\t\t\t\t\t<\/div>\n\t\t<\/div>\n\t\t\t\t<div class=\"aux-parallax-section elementor-column elementor-col-50 elementor-top-column elementor-element elementor-element-6a02737\" data-id=\"6a02737\" data-element_type=\"column\">\n\t\t\t<div class=\"elementor-widget-wrap elementor-element-populated\">\n\t\t\t\t\t\t<div class=\"elementor-element elementor-element-ffd1cc1 aux-appear-watch-animation aux-scale-down elementor-widget elementor-widget-aux_modern_heading\" data-id=\"ffd1cc1\" data-element_type=\"widget\" data-widget_type=\"aux_modern_heading.default\">\n\t\t\t\t<div class=\"elementor-widget-container\">\n\t\t\t<section class=\"aux-widget-modern-heading\">\n            <div class=\"aux-widget-inner\"><h2 class=\"aux-modern-heading-primary\">Visi\u00f3n<\/h2><div class=\"aux-modern-heading-description\"><p>Ser reconocidos como l\u00edderes en el sector de inversiones y finanzas personales, conocidos por nuestra integridad, excelencia en el servicio al cliente y resultados sobresalientes. Aspiramos a ser la primera opci\u00f3n para quienes buscan una orientaci\u00f3n financiera confiable y eficaz.<\/p><\/div><\/div>\n        <\/section>\t\t<\/div>\n\t\t\t\t<\/div>\n\t\t\t\t\t<\/div>\n\t\t<\/div>\n\t\t\t\t\t<\/div>\n\t\t<\/section>\n\t\t\t\t<section class=\"elementor-section elementor-top-section elementor-element elementor-element-1b9453a elementor-section-content-middle elementor-section-boxed elementor-section-height-default elementor-section-height-default\" data-id=\"1b9453a\" data-element_type=\"section\" data-settings=\"{&quot;background_background&quot;:&quot;classic&quot;}\">\n\t\t\t\t\t\t<div class=\"elementor-container elementor-column-gap-default\">\n\t\t\t\t\t<div class=\"aux-parallax-section elementor-column elementor-col-50 elementor-top-column elementor-element elementor-element-46800144 aux-appear-watch-animation aux-fade-in-left elementor-hidden-mobile\" data-id=\"46800144\" data-element_type=\"column\">\n\t\t\t<div class=\"elementor-widget-wrap elementor-element-populated\">\n\t\t\t\t\t\t<div class=\"elementor-element elementor-element-6b0f0e96 elementor-widget elementor-widget-aux_image\" data-id=\"6b0f0e96\" data-element_type=\"widget\" data-widget_type=\"aux_image.default\">\n\t\t\t\t<div class=\"elementor-widget-container\">\n\t\t\t<section class=\"widget-container aux-widget-image aux-alignnone aux-parent-auacfb58f2\">\n    <div class=\"aux-media-hint-frame\">\n        <div class=\"aux-media-image\" >\n        \n            \n\n            \n            <img decoding=\"async\" width=\"1037\" height=\"950\" src=\"data:image\/gif;base64,R0lGODlhAQABAIAAAAAAAP\/\/\/yH5BAEAAAAALAAAAAABAAEAAAIBRAA7\" class=\"aux-attachment aux-featured-image aux-attachment-id-306 aux-preload aux-blank\" alt=\"1972\" data-ratio=\"1.09\" data-original-w=\"2000\" sizes=\"auto\" data-srcset=\"http:\/\/phcoa-florida.com\/wp-content\/uploads\/2024\/04\/1972-150x137.jpg 150w,http:\/\/phcoa-florida.com\/wp-content\/uploads\/2024\/04\/1972-300x275.jpg 300w,http:\/\/phcoa-florida.com\/wp-content\/uploads\/2024\/04\/1972-768x704.jpg 768w,http:\/\/phcoa-florida.com\/wp-content\/uploads\/2024\/04\/1972-1024x938.jpg 1024w,http:\/\/phcoa-florida.com\/wp-content\/uploads\/2024\/04\/1972-1037x950.jpg 1037w\" data-src=\"http:\/\/phcoa-florida.com\/wp-content\/uploads\/2024\/04\/1972-1037x950.jpg\" \/>            \n                <\/div>\n    <\/div>\n\n<\/section><!-- widget-container -->\t\t<\/div>\n\t\t\t\t<\/div>\n\t\t\t\t\t<\/div>\n\t\t<\/div>\n\t\t\t\t<div class=\"aux-parallax-section elementor-column elementor-col-50 elementor-top-column elementor-element elementor-element-30d8bdbd\" data-id=\"30d8bdbd\" data-element_type=\"column\">\n\t\t\t<div class=\"elementor-widget-wrap elementor-element-populated\">\n\t\t\t\t\t\t<div class=\"elementor-element elementor-element-46fc4ae1 aux-appear-watch-animation aux-fade-in elementor-widget elementor-widget-aux_modern_heading\" data-id=\"46fc4ae1\" data-element_type=\"widget\" data-widget_type=\"aux_modern_heading.default\">\n\t\t\t\t<div class=\"elementor-widget-container\">\n\t\t\t<section class=\"aux-widget-modern-heading\">\n            <div class=\"aux-widget-inner\"><h2 class=\"aux-modern-heading-primary\"><\/h2><h3 class=\"aux-modern-heading-secondary\"><span class=\"aux-head-before\">Valores<\/span><\/h3><div class=\"aux-modern-heading-divider\"><\/div><div class=\"aux-modern-heading-description\"><ul>\n <li class=\" translation-block\"><strong>Integridad:<\/strong> Actuamos con honestidad y transparencia en todas nuestras interacciones.<\/li>\n <li><\/li>\n <li class=\" translation-block\"><strong>Excelencia:<\/strong> Nos esforzamos por ofrecer servicios de alta calidad y resultados excepcionales.<\/li>\n \t<li class=\" translation-block\"><strong>Compromiso:<\/strong> Estamos dedicados a ayudar a nuestros clientes a alcanzar sus objetivos financieros.<\/li>\n \t<li class=\" translation-block\"><strong>Innovaci\u00f3n:<\/strong> Buscamos continuamente nuevas formas de mejorar y adaptarnos a las necesidades cambiantes del mercado.<\/li>\n \t<li><\/li>\n \t<li class=\" translation-block\"><strong>\u00c9tica:<\/strong> Seguimos s\u00f3lidos principios \u00e9ticos en todas nuestras operaciones y decisiones.<\/li>\n \t<li class=\" translation-block\"><strong>Educaci\u00f3n:<\/strong> Promovemos la educaci\u00f3n financiera y capacitamos a nuestros clientes para tomar decisiones informadas.<\/li>\n \t<li class=\" translation-block\"><strong>Colaboraci\u00f3n:<\/strong> Trabajamos en equipo, valorando la diversidad de opiniones y experiencias.<\/li>\n<\/ul><\/div><\/div>\n        <\/section>\t\t<\/div>\n\t\t\t\t<\/div>\n\t\t\t\t\t<\/div>\n\t\t<\/div>\n\t\t\t\t\t<\/div>\n\t\t<\/section>\n\t\t\t\t<\/div>","protected":false},"excerpt":{"rendered":"<p>About US Home ABOUT US We offer business solutions to boost our clients&#8217; businesses &#8220;We are a company dedicated to providing personalized financial services to help our clients achieve financial stability and their investment goals. We stand out for our integrity, excellence in customer service and outstanding results. Our focus is on financial education and [&hellip;]<\/p>","protected":false},"author":1,"featured_media":0,"parent":0,"menu_order":0,"comment_status":"closed","ping_status":"closed","template":"templates\/page-builder-content.php","meta":{"footnotes":""},"class_list":["post-143","page","type-page","status-publish","hentry"],"yoast_head":"<!-- This site is optimized with the Yoast SEO Premium plugin v22.4 (Yoast SEO v22.4) - https:\/\/yoast.com\/wordpress\/plugins\/seo\/ -->\n<title>About Us - Phcoa-florida LLC<\/title>\n<meta name=\"robots\" content=\"index, follow, max-snippet:-1, max-image-preview:large, max-video-preview:-1\" \/>\n<link rel=\"canonical\" href=\"http:\/\/phcoa-florida.com\/es\/about-us\/\" \/>\n<meta property=\"og:locale\" content=\"es_MX\" \/>\n<meta property=\"og:type\" content=\"article\" \/>\n<meta property=\"og:title\" content=\"About Us\" \/>\n<meta property=\"og:description\" content=\"About US Home ABOUT US We offer business solutions to boost our clients&#8217; businesses &#8220;We are a company dedicated to providing personalized financial services to help our clients achieve financial stability and their investment goals. We stand out for our integrity, excellence in customer service and outstanding results. Our focus is on financial education and [&hellip;]\" \/>\n<meta property=\"og:url\" content=\"http:\/\/phcoa-florida.com\/es\/about-us\/\" \/>\n<meta property=\"og:site_name\" content=\"Phcoa-florida LLC\" \/>\n<meta property=\"article:publisher\" content=\"https:\/\/www.facebook.com\/PhCoa.Florida\" \/>\n<meta property=\"article:modified_time\" content=\"2024-04-02T17:58:12+00:00\" \/>\n<meta property=\"og:image\" content=\"http:\/\/phcoa-florida.com\/wp-content\/uploads\/2024\/04\/Firma-Phcoa.png\" \/>\n\t<meta property=\"og:image:width\" content=\"1200\" \/>\n\t<meta property=\"og:image:height\" content=\"675\" \/>\n\t<meta property=\"og:image:type\" content=\"image\/png\" \/>\n<meta name=\"twitter:card\" content=\"summary_large_image\" \/>\n<meta name=\"twitter:label1\" content=\"Tiempo de lectura\" \/>\n\t<meta name=\"twitter:data1\" content=\"1 minuto\" \/>\n<script type=\"application\/ld+json\" class=\"yoast-schema-graph\">{\"@context\":\"https:\/\/schema.org\",\"@graph\":[{\"@type\":\"WebPage\",\"@id\":\"http:\/\/phcoa-florida.com\/es\/about-us\/\",\"url\":\"http:\/\/phcoa-florida.com\/es\/about-us\/\",\"name\":\"About Us - Phcoa-florida LLC\",\"isPartOf\":{\"@id\":\"http:\/\/phcoa-florida.com\/#website\"},\"datePublished\":\"2018-06-19T08:44:17+00:00\",\"dateModified\":\"2024-04-02T17:58:12+00:00\",\"breadcrumb\":{\"@id\":\"http:\/\/phcoa-florida.com\/es\/about-us\/#breadcrumb\"},\"inLanguage\":\"es\",\"potentialAction\":[{\"@type\":\"ReadAction\",\"target\":[\"http:\/\/phcoa-florida.com\/es\/about-us\/\"]}]},{\"@type\":\"BreadcrumbList\",\"@id\":\"http:\/\/phcoa-florida.com\/es\/about-us\/#breadcrumb\",\"itemListElement\":[{\"@type\":\"ListItem\",\"position\":1,\"name\":\"Portada\",\"item\":\"http:\/\/phcoa-florida.com\/\"},{\"@type\":\"ListItem\",\"position\":2,\"name\":\"About Us\"}]},{\"@type\":\"WebSite\",\"@id\":\"http:\/\/phcoa-florida.com\/#website\",\"url\":\"http:\/\/phcoa-florida.com\/\",\"name\":\"Phcoa-florida LLC\",\"description\":\"Personal finance and investment\",\"publisher\":{\"@id\":\"http:\/\/phcoa-florida.com\/#organization\"},\"alternateName\":\"Phcoa\",\"potentialAction\":[{\"@type\":\"SearchAction\",\"target\":{\"@type\":\"EntryPoint\",\"urlTemplate\":\"http:\/\/phcoa-florida.com\/?s={search_term_string}\"},\"query-input\":\"required name=search_term_string\"}],\"inLanguage\":\"es\"},{\"@type\":\"Organization\",\"@id\":\"http:\/\/phcoa-florida.com\/#organization\",\"name\":\"Phcoa-florida LLC\",\"url\":\"http:\/\/phcoa-florida.com\/\",\"logo\":{\"@type\":\"ImageObject\",\"inLanguage\":\"es\",\"@id\":\"http:\/\/phcoa-florida.com\/#\/schema\/logo\/image\/\",\"url\":\"http:\/\/phcoa-florida.com\/wp-content\/uploads\/2024\/03\/Logo-Phcoa-con-fondo.png\",\"contentUrl\":\"http:\/\/phcoa-florida.com\/wp-content\/uploads\/2024\/03\/Logo-Phcoa-con-fondo.png\",\"width\":114,\"height\":173,\"caption\":\"Phcoa-florida LLC\"},\"image\":{\"@id\":\"http:\/\/phcoa-florida.com\/#\/schema\/logo\/image\/\"},\"sameAs\":[\"https:\/\/www.facebook.com\/PhCoa.Florida\",\"https:\/\/www.instagram.com\/phcoa_florida\/\"]}]}<\/script>\n<!-- \/ Yoast SEO Premium plugin. -->","yoast_head_json":{"title":"About Us - Phcoa-florida LLC","robots":{"index":"index","follow":"follow","max-snippet":"max-snippet:-1","max-image-preview":"max-image-preview:large","max-video-preview":"max-video-preview:-1"},"canonical":"http:\/\/phcoa-florida.com\/es\/about-us\/","og_locale":"es_MX","og_type":"article","og_title":"About Us","og_description":"About US Home ABOUT US We offer business solutions to boost our clients&#8217; businesses &#8220;We are a company dedicated to providing personalized financial services to help our clients achieve financial stability and their investment goals. We stand out for our integrity, excellence in customer service and outstanding results. Our focus is on financial education and [&hellip;]","og_url":"http:\/\/phcoa-florida.com\/es\/about-us\/","og_site_name":"Phcoa-florida LLC","article_publisher":"https:\/\/www.facebook.com\/PhCoa.Florida","article_modified_time":"2024-04-02T17:58:12+00:00","og_image":[{"width":1200,"height":675,"url":"http:\/\/phcoa-florida.com\/wp-content\/uploads\/2024\/04\/Firma-Phcoa.png","type":"image\/png"}],"twitter_card":"summary_large_image","twitter_misc":{"Tiempo de lectura":"1 minuto"},"schema":{"@context":"https:\/\/schema.org","@graph":[{"@type":"WebPage","@id":"http:\/\/phcoa-florida.com\/es\/about-us\/","url":"http:\/\/phcoa-florida.com\/es\/about-us\/","name":"About Us - Phcoa-florida LLC","isPartOf":{"@id":"http:\/\/phcoa-florida.com\/#website"},"datePublished":"2018-06-19T08:44:17+00:00","dateModified":"2024-04-02T17:58:12+00:00","breadcrumb":{"@id":"http:\/\/phcoa-florida.com\/es\/about-us\/#breadcrumb"},"inLanguage":"es","potentialAction":[{"@type":"ReadAction","target":["http:\/\/phcoa-florida.com\/es\/about-us\/"]}]},{"@type":"BreadcrumbList","@id":"http:\/\/phcoa-florida.com\/es\/about-us\/#breadcrumb","itemListElement":[{"@type":"ListItem","position":1,"name":"Portada","item":"http:\/\/phcoa-florida.com\/"},{"@type":"ListItem","position":2,"name":"About Us"}]},{"@type":"WebSite","@id":"http:\/\/phcoa-florida.com\/#website","url":"http:\/\/phcoa-florida.com\/","name":"Phcoa-florida LLC","description":"Personal finance and investment","publisher":{"@id":"http:\/\/phcoa-florida.com\/#organization"},"alternateName":"Phcoa","potentialAction":[{"@type":"SearchAction","target":{"@type":"EntryPoint","urlTemplate":"http:\/\/phcoa-florida.com\/?s={search_term_string}"},"query-input":"required name=search_term_string"}],"inLanguage":"es"},{"@type":"Organization","@id":"http:\/\/phcoa-florida.com\/#organization","name":"Phcoa-florida LLC","url":"http:\/\/phcoa-florida.com\/","logo":{"@type":"ImageObject","inLanguage":"es","@id":"http:\/\/phcoa-florida.com\/#\/schema\/logo\/image\/","url":"http:\/\/phcoa-florida.com\/wp-content\/uploads\/2024\/03\/Logo-Phcoa-con-fondo.png","contentUrl":"http:\/\/phcoa-florida.com\/wp-content\/uploads\/2024\/03\/Logo-Phcoa-con-fondo.png","width":114,"height":173,"caption":"Phcoa-florida LLC"},"image":{"@id":"http:\/\/phcoa-florida.com\/#\/schema\/logo\/image\/"},"sameAs":["https:\/\/www.facebook.com\/PhCoa.Florida","https:\/\/www.instagram.com\/phcoa_florida\/"]}]}},"_links":{"self":[{"href":"http:\/\/phcoa-florida.com\/es\/wp-json\/wp\/v2\/pages\/143","targetHints":{"allow":["GET"]}}],"collection":[{"href":"http:\/\/phcoa-florida.com\/es\/wp-json\/wp\/v2\/pages"}],"about":[{"href":"http:\/\/phcoa-florida.com\/es\/wp-json\/wp\/v2\/types\/page"}],"author":[{"embeddable":true,"href":"http:\/\/phcoa-florida.com\/es\/wp-json\/wp\/v2\/users\/1"}],"replies":[{"embeddable":true,"href":"http:\/\/phcoa-florida.com\/es\/wp-json\/wp\/v2\/comments?post=143"}],"version-history":[{"count":48,"href":"http:\/\/phcoa-florida.com\/es\/wp-json\/wp\/v2\/pages\/143\/revisions"}],"predecessor-version":[{"id":404,"href":"http:\/\/phcoa-florida.com\/es\/wp-json\/wp\/v2\/pages\/143\/revisions\/404"}],"wp:attachment":[{"href":"http:\/\/phcoa-florida.com\/es\/wp-json\/wp\/v2\/media?parent=143"}],"curies":[{"name":"wp","href":"https:\/\/api.w.org\/{rel}","templated":true}]}}